{"id":163,"date":"2015-11-30T14:53:00","date_gmt":"2015-11-30T20:53:00","guid":{"rendered":"http:\/\/pcsoftwaresolution.net\/html\/wp\/?page_id=163"},"modified":"2018-07-29T16:06:32","modified_gmt":"2018-07-29T22:06:32","slug":"sistema-contable","status":"publish","type":"page","link":"https:\/\/pcsoftwaresolution.net\/html\/wp\/catalogo\/sistema-contable\/","title":{"rendered":"Sistema Contable"},"content":{"rendered":"<p class=\"margen_p\"><a href=\"https:\/\/pcsoftwaresolution.net\/html\/wp\/wp-content\/uploads\/2015\/11\/Contable_Img02.png\"><img loading=\"lazy\" decoding=\"async\" class=\"alignnone  wp-image-64\" src=\"https:\/\/pcsoftwaresolution.net\/html\/wp\/wp-content\/uploads\/2015\/11\/Contable_Img02-300x226.png\" alt=\"Contable_Img02\" width=\"131\" height=\"99\" srcset=\"https:\/\/pcsoftwaresolution.net\/html\/wp\/wp-content\/uploads\/2015\/11\/Contable_Img02-300x226.png 300w, https:\/\/pcsoftwaresolution.net\/html\/wp\/wp-content\/uploads\/2015\/11\/Contable_Img02-1024x770.png 1024w, https:\/\/pcsoftwaresolution.net\/html\/wp\/wp-content\/uploads\/2015\/11\/Contable_Img02.png 1028w\" sizes=\"auto, (max-width: 131px) 100vw, 131px\" \/><\/a> <a href=\"https:\/\/pcsoftwaresolution.net\/html\/wp\/wp-content\/uploads\/2015\/11\/Contable_Img01.png\"><img loading=\"lazy\" decoding=\"async\" class=\"alignnone  wp-image-63\" src=\"https:\/\/pcsoftwaresolution.net\/html\/wp\/wp-content\/uploads\/2015\/11\/Contable_Img01-300x226.png\" alt=\"Contable_Img01\" width=\"131\" height=\"99\" srcset=\"https:\/\/pcsoftwaresolution.net\/html\/wp\/wp-content\/uploads\/2015\/11\/Contable_Img01-300x226.png 300w, https:\/\/pcsoftwaresolution.net\/html\/wp\/wp-content\/uploads\/2015\/11\/Contable_Img01-1024x771.png 1024w, https:\/\/pcsoftwaresolution.net\/html\/wp\/wp-content\/uploads\/2015\/11\/Contable_Img01.png 1027w\" sizes=\"auto, (max-width: 131px) 100vw, 131px\" \/><\/a> <a href=\"https:\/\/pcsoftwaresolution.net\/html\/wp\/wp-content\/uploads\/2015\/11\/Contable_Img04.png\"><img loading=\"lazy\" decoding=\"async\" class=\"alignnone  wp-image-66\" src=\"https:\/\/pcsoftwaresolution.net\/html\/wp\/wp-content\/uploads\/2015\/11\/Contable_Img04-300x226.png\" alt=\"Contable_Img04\" width=\"131\" height=\"99\" srcset=\"https:\/\/pcsoftwaresolution.net\/html\/wp\/wp-content\/uploads\/2015\/11\/Contable_Img04-300x226.png 300w, https:\/\/pcsoftwaresolution.net\/html\/wp\/wp-content\/uploads\/2015\/11\/Contable_Img04-1024x771.png 1024w, https:\/\/pcsoftwaresolution.net\/html\/wp\/wp-content\/uploads\/2015\/11\/Contable_Img04.png 1027w\" sizes=\"auto, (max-width: 131px) 100vw, 131px\" \/><\/a> <a href=\"https:\/\/pcsoftwaresolution.net\/html\/wp\/wp-content\/uploads\/2015\/11\/Contable_Img03.png\"><img loading=\"lazy\" decoding=\"async\" class=\"alignnone  wp-image-65\" src=\"https:\/\/pcsoftwaresolution.net\/html\/wp\/wp-content\/uploads\/2015\/11\/Contable_Img03-300x226.png\" alt=\"Contable_Img03\" width=\"131\" height=\"99\" srcset=\"https:\/\/pcsoftwaresolution.net\/html\/wp\/wp-content\/uploads\/2015\/11\/Contable_Img03-300x226.png 300w, https:\/\/pcsoftwaresolution.net\/html\/wp\/wp-content\/uploads\/2015\/11\/Contable_Img03-1024x770.png 1024w, https:\/\/pcsoftwaresolution.net\/html\/wp\/wp-content\/uploads\/2015\/11\/Contable_Img03.png 1029w\" sizes=\"auto, (max-width: 131px) 100vw, 131px\" \/><\/a><\/p>\n<p class=\"margen_p\">Nuestro Sistema Auxiliar Contable se convierte en la mano derecha del Contador, con su capacidad para tomar las operaciones del Sistema Administrativo, convirti\u00e9ndolas en asientos contables, de acuerdo al previo dise\u00f1o del Plan de Cuentas y las estrategias que se le hayan definido. De esta manera, el departamento de contabilidad podr\u00e1 dedicarse plenamente al an\u00e1lisis de las cuentas y no a la \u00abcarpinter\u00eda contable\u00bb. Nunca antes fu\u00e9 m\u00e1s r\u00e1pido obtener los estados financieros y mantener al d\u00eda los balances. Contando con una interfaz de m\u00faltiples documentos, sumamente amigable, podr\u00e1 mantener sus libros al d\u00eda sin el menor esfuerzo.<\/p>\n<div class=\"toggle\">\n<div class=\"margen_p\">\n<p class=\"margen_descripcion\">Para operar el Sistema Contable no se requieren conocimientos avanzados de computaci\u00f3n, ya que cuenta con una interfaz de m\u00faltiples documentos, sumamente amigable, podr\u00e1 mantener sus libros al d\u00eda sin el menor esfuerzo. El Sistema Contable le permite entre otras cosas:<\/p>\n<ul>\n<li>Plan de Cuentas Contables ajustado a su empresa.<\/li>\n<li>Libro diario.<\/li>\n<li>Libro Mayor.<\/li>\n<li>Balance General.<\/li>\n<li>Balance de Comprobaci\u00f3n.<\/li>\n<li>Estado de Resultados.<\/li>\n<li>Cierre Anual.<\/li>\n<\/ul>\n<p class=\"margen_descripcion\">Con la compra del Sistema Contable se proporcionan los siguientes servicios:<\/p>\n<ul>\n<li>Licencia de por vida.<\/li>\n<li>Actualizaciones gratuitas.<\/li>\n<li>Integraci\u00f3n plena al Sistema Contable PC Software Solution.<\/li>\n<li>Adiestramiento del personal.<\/li>\n<li>Soporte T\u00e9cnico Inmediato.<\/li>\n<\/ul>\n<p><span class=\"title_descripcion_catalogo\">Requerimientos T\u00e9cnicos<\/span><\/p>\n<ul>\n<li>100 Mb de espacio libre en el disco duro.<\/li>\n<li>128 Mb RAM (memoria).<\/li>\n<li>Sistema operativo Windows 98, Milenium, 2000, 2003, XP, Vista, y 7.<\/li>\n<li>Windows server 2003 o Windows server 2008.<\/li>\n<\/ul>\n<p><span class=\"title_descripcion_catalogo\">Ventajas<\/span><\/p>\n<p class=\"margen_descripcion\">El Sistema Contable se presenta como una soluci\u00f3n a los diferentes problemas de la peque\u00f1a y mediana empresa. A continuaci\u00f3n se indican algunos de los beneficios alcanzados por nuestros clientes:<\/p>\n<ul>\n<li>Mejoramiento sustancial del tiempo de respuesta promedio a los requerimientos de los usuarios, al proporcionar respuestas muy r\u00e1pidas.<\/li>\n<li>Disponibilidad en segundos de la informaci\u00f3n requerida por la Gerencia para la toma de decisiones y control de gesti\u00f3n.<\/li>\n<li>Enriquecimiento de la capacidad de trabajo del personal al poder destinarlo a diferentes labores y liberarlo de trabajo rutinario y pesado que efect\u00faa el sistema.<\/li>\n<li>Disminuci\u00f3n radical de errores y omisiones en las actividades administrativas aumentando la calidad del trabajo.<\/li>\n<\/ul>\n<\/div>\n<\/div>\n<p><center><\/p>\n<form target=\"paypal\" action=\"https:\/\/www.paypal.com\/cgi-bin\/webscr\" method=\"post\">\n<input type=\"hidden\" name=\"cmd\" value=\"_s-xclick\"><br \/>\n<input type=\"hidden\" name=\"hosted_button_id\" value=\"E5LEALK2ZRYDJ\"><br \/>\n<input type=\"image\" src=\"https:\/\/www.paypalobjects.com\/es_ES\/ES\/i\/btn\/btn_cart_LG.gif\" border=\"0\" name=\"submit\" alt=\"PayPal, la forma r\u00e1pida y segura de pagar en Internet.\"><br \/>\n<img loading=\"lazy\" decoding=\"async\" alt=\"\" border=\"0\" src=\"https:\/\/www.paypalobjects.com\/es_XC\/i\/scr\/pixel.gif\" width=\"1\" height=\"1\"><br \/>\n<\/form>\n<p><\/center><\/p>\n","protected":false},"excerpt":{"rendered":"<p>Nuestro Sistema Auxiliar Contable se convierte en la mano derecha del Contador, con su capacidad para tomar las operaciones del Sistema Administrativo, convirti\u00e9ndolas en asientos contables, de acuerdo al previo dise\u00f1o del Plan de Cuentas y las estrategias que se le hayan definido. De esta manera, el departamento de contabilidad podr\u00e1 dedicarse plenamente al an\u00e1lisis &hellip; <\/p>\n<p><a class=\"more-link block-button\" href=\"https:\/\/pcsoftwaresolution.net\/html\/wp\/catalogo\/sistema-contable\/\">Continue reading &raquo;<\/a><\/p>\n","protected":false},"author":1,"featured_media":0,"parent":36,"menu_order":2,"comment_status":"closed","ping_status":"closed","template":"","meta":{"footnotes":""},"class_list":["post-163","page","type-page","status-publish","hentry","nodate"],"_links":{"self":[{"href":"https:\/\/pcsoftwaresolution.net\/html\/wp\/wp-json\/wp\/v2\/pages\/163","targetHints":{"allow":["GET"]}}],"collection":[{"href":"https:\/\/pcsoftwaresolution.net\/html\/wp\/wp-json\/wp\/v2\/pages"}],"about":[{"href":"https:\/\/pcsoftwaresolution.net\/html\/wp\/wp-json\/wp\/v2\/types\/page"}],"author":[{"embeddable":true,"href":"https:\/\/pcsoftwaresolution.net\/html\/wp\/wp-json\/wp\/v2\/users\/1"}],"replies":[{"embeddable":true,"href":"https:\/\/pcsoftwaresolution.net\/html\/wp\/wp-json\/wp\/v2\/comments?post=163"}],"version-history":[{"count":5,"href":"https:\/\/pcsoftwaresolution.net\/html\/wp\/wp-json\/wp\/v2\/pages\/163\/revisions"}],"predecessor-version":[{"id":650,"href":"https:\/\/pcsoftwaresolution.net\/html\/wp\/wp-json\/wp\/v2\/pages\/163\/revisions\/650"}],"up":[{"embeddable":true,"href":"https:\/\/pcsoftwaresolution.net\/html\/wp\/wp-json\/wp\/v2\/pages\/36"}],"wp:attachment":[{"href":"https:\/\/pcsoftwaresolution.net\/html\/wp\/wp-json\/wp\/v2\/media?parent=163"}],"curies":[{"name":"wp","href":"https:\/\/api.w.org\/{rel}","templated":true}]}}